{"id":3148,"date":"2024-08-30T14:19:36","date_gmt":"2024-08-30T17:19:36","guid":{"rendered":"https:\/\/jotaempresas.com\/page\/?post_type=product&#038;p=3148"},"modified":"2024-08-30T14:19:50","modified_gmt":"2024-08-30T17:19:50","slug":"template-wordpress-educationtemplate-kit","status":"publish","type":"product","link":"https:\/\/jotaempresas.com\/page\/product\/template-wordpress-educationtemplate-kit\/","title":{"rendered":"Template WordPress EducationTemplate Kit"},"content":{"rendered":"<p><img fetchpriority=\"high\" decoding=\"async\" class=\"alignnone size-medium wp-image-3175\" src=\"https:\/\/jotaempresas.com\/page\/wp-content\/uploads\/2024\/08\/courses-grid-186x300.jpg\" alt=\"\" width=\"186\" height=\"300\" srcset=\"https:\/\/jotaempresas.com\/page\/wp-content\/uploads\/2024\/08\/courses-grid-186x300.jpg 186w, https:\/\/jotaempresas.com\/page\/wp-content\/uploads\/2024\/08\/courses-grid-635x1024.jpg 635w, https:\/\/jotaempresas.com\/page\/wp-content\/uploads\/2024\/08\/courses-grid-768x1238.jpg 768w, https:\/\/jotaempresas.com\/page\/wp-content\/uploads\/2024\/08\/courses-grid-600x968.jpg 600w, https:\/\/jotaempresas.com\/page\/wp-content\/uploads\/2024\/08\/courses-grid.jpg 800w\" sizes=\"(max-width: 186px) 100vw, 186px\" \/><\/p>\n<p><strong>Descri\u00e7\u00e3o de Produto:<\/strong><\/p>\n<p>O <strong>Edukul Online Learning &amp; Education Template Kit<\/strong> \u00e9 perfeito para criar sites de educa\u00e7\u00e3o e aprendizado online com WordPress. Desenvolvido para integrar-se perfeitamente ao <strong>Elementor<\/strong>, este kit oferece uma ampla variedade de layouts modernos, responsivos e personaliz\u00e1veis, ideais para professores, escolas, universidades, e plataformas de cursos.<\/p>\n<h3>Por que escolher o Edukul Template Kit?<\/h3>\n<p>Com o Edukul, voc\u00ea n\u00e3o precisa ser um especialista em design ou programa\u00e7\u00e3o. O kit \u00e9 f\u00e1cil de usar e permite criar sites profissionais rapidamente. Compat\u00edvel com o Elementor, um dos plugins mais populares para cria\u00e7\u00e3o de p\u00e1ginas no WordPress, ele oferece flexibilidade total para ajustar o visual e a funcionalidade do seu site, atendendo \u00e0s suas necessidades espec\u00edficas.<\/p>\n<h3>Recursos Principais:<\/h3>\n<ul>\n<li><strong>Layouts Responsivos<\/strong>: O Edukul oferece designs que se adaptam a qualquer dispositivo, seja m\u00f3vel ou desktop, garantindo uma \u00f3tima experi\u00eancia de usu\u00e1rio em qualquer tela.<\/li>\n<li><strong>Personaliza\u00e7\u00e3o Simples<\/strong>: Use o Elementor para personalizar cores, fontes e layouts de maneira f\u00e1cil, sem a necessidade de conhecimento t\u00e9cnico.<\/li>\n<li><strong>Otimiza\u00e7\u00e3o SEO<\/strong>: Cada layout \u00e9 otimizado para SEO, ajudando seu site a se destacar nos resultados de busca.<\/li>\n<\/ul>\n<h3>Como Usar o Edukul Template Kit?<\/h3>\n<p>Para come\u00e7ar, instale o plugin Elementor no seu WordPress. Depois, importe os templates do Edukul e personalize-os conforme suas prefer\u00eancias. Se precisar de ajuda, consulte a <a href=\"https:\/\/elementor.com\/help\/\" target=\"_new\" rel=\"noopener\">Documenta\u00e7\u00e3o oficial do Elementor<\/a> para orienta\u00e7\u00f5es detalhadas.<\/p>\n<h3>Links Relacionados:<\/h3>\n<ul>\n<li>Visite nossa <a href=\"http:\/\/jotaempresas.com\/page\" target=\"_new\" rel=\"noopener\">P\u00e1gina Inicial<\/a> para saber mais sobre nossos servi\u00e7os.<\/li>\n<li>Confira nossa <a href=\"https:\/\/jotaempresas.com\/page\/loja\/\" target=\"_new\" rel=\"noopener\">Loja<\/a> para explorar outros produtos.<\/li>\n<li>Oferecemos tamb\u00e9m <a href=\"https:\/\/jotaempresas.supersite2.myorderbox.com\/jotahost\" target=\"_new\" rel=\"noopener\">Dom\u00ednio e Hospedagem<\/a> para quem deseja iniciar um site do zero.<\/li>\n<\/ul>\n<h3>Conclus\u00e3o:<\/h3>\n<p>Se voc\u00ea procura uma solu\u00e7\u00e3o pr\u00e1tica para criar um site de educa\u00e7\u00e3o online, o <strong>Edukul Online Learning &amp; Education Template Kit<\/strong> \u00e9 ideal. Com facilidade de uso, design flex\u00edvel e recursos otimizados para SEO, ele \u00e9 a escolha certa para educadores e institui\u00e7\u00f5es de ensino.<\/p>\n","protected":false},"excerpt":{"rendered":"<p>Edukul Template Kit \u00e9 perfeito para sites de ensino online. F\u00e1cil de usar no WordPress com Elementor. Totalmente responsivo!<\/p>\n","protected":false},"featured_media":3168,"comment_status":"open","ping_status":"closed","template":"","meta":{"_monsterinsights_skip_tracking":false,"_monsterinsights_sitenote_active":false,"_monsterinsights_sitenote_note":"","_monsterinsights_sitenote_category":0},"product_brand":[],"product_cat":[59,55,31],"product_tag":[],"class_list":{"0":"post-3148","1":"product","2":"type-product","3":"status-publish","4":"has-post-thumbnail","6":"product_cat-faculdade","7":"product_cat-templates","8":"product_cat-wordpress","10":"first","11":"instock","12":"sale","13":"downloadable","14":"shipping-taxable","15":"purchasable","16":"product-type-simple"},"aioseo_notices":[],"_links":{"self":[{"href":"https:\/\/jotaempresas.com\/page\/wp-json\/wp\/v2\/product\/3148","targetHints":{"allow":["GET"]}}],"collection":[{"href":"https:\/\/jotaempresas.com\/page\/wp-json\/wp\/v2\/product"}],"about":[{"href":"https:\/\/jotaempresas.com\/page\/wp-json\/wp\/v2\/types\/product"}],"replies":[{"embeddable":true,"href":"https:\/\/jotaempresas.com\/page\/wp-json\/wp\/v2\/comments?post=3148"}],"wp:featuredmedia":[{"embeddable":true,"href":"https:\/\/jotaempresas.com\/page\/wp-json\/wp\/v2\/media\/3168"}],"wp:attachment":[{"href":"https:\/\/jotaempresas.com\/page\/wp-json\/wp\/v2\/media?parent=3148"}],"wp:term":[{"taxonomy":"product_brand","embeddable":true,"href":"https:\/\/jotaempresas.com\/page\/wp-json\/wp\/v2\/product_brand?post=3148"},{"taxonomy":"product_cat","embeddable":true,"href":"https:\/\/jotaempresas.com\/page\/wp-json\/wp\/v2\/product_cat?post=3148"},{"taxonomy":"product_tag","embeddable":true,"href":"https:\/\/jotaempresas.com\/page\/wp-json\/wp\/v2\/product_tag?post=3148"}],"curies":[{"name":"wp","href":"https:\/\/api.w.org\/{rel}","templated":true}]}}