{"id":2265,"date":"2024-07-12T17:36:13","date_gmt":"2024-07-12T20:36:13","guid":{"rendered":"https:\/\/jotaempresas.com\/page\/?post_type=product&#038;p=2265"},"modified":"2024-07-12T17:41:33","modified_gmt":"2024-07-12T20:41:33","slug":"dezenas-de-artes-para-escritorio-de-advocacia-40_canva","status":"publish","type":"product","link":"https:\/\/jotaempresas.com\/page\/product\/dezenas-de-artes-para-escritorio-de-advocacia-40_canva\/","title":{"rendered":"Dezenas de Artes para Escrit\u00f3rio de Advocacia &#8211; 40_Canva"},"content":{"rendered":"<div class=\"flex-shrink-0 flex flex-col relative items-end\">\n<div class=\"pt-0.5 juice:pt-0\">\n<div class=\"gizmo-bot-avatar flex h-6 w-6 items-center justify-center overflow-hidden rounded-full juice:h-8 juice:w-8\">\n<div class=\"relative p-1 rounded-sm flex items-center justify-center bg-token-main-surface-primary text-token-text-primary h-8 w-8\">\n<p>Descubra nossa cole\u00e7\u00e3o de dezenas de artes para escrit\u00f3rio de advocacia. Perfeitas para promover seus servi\u00e7os legais com designs elegantes e profissionais<\/p>\n<p>&nbsp;<\/p>\n<p>&nbsp;<\/p>\n<p>&nbsp;<\/p>\n<\/div>\n<\/div>\n<\/div>\n<\/div>\n","protected":false},"excerpt":{"rendered":"<p>Explore nossa cole\u00e7\u00e3o de dezenas de artes para escrit\u00f3rio de advocacia e eleve a imagem do seu neg\u00f3cio! Com designs elegantes e profissionais, essas artes s\u00e3o perfeitas para promover seus servi\u00e7os legais e atrair mais clientes. Ideal para advogados e escrit\u00f3rios de advocacia que buscam se destacar e criar uma presen\u00e7a visual impactante. Transforme sua comunica\u00e7\u00e3o com artes de alta qualidade prontas para uso<\/p>\n","protected":false},"featured_media":2269,"comment_status":"open","ping_status":"closed","template":"","meta":{"_monsterinsights_skip_tracking":false,"_monsterinsights_sitenote_active":false,"_monsterinsights_sitenote_note":"","_monsterinsights_sitenote_category":0},"product_brand":[],"product_cat":[53,46,39],"product_tag":[],"class_list":{"0":"post-2265","1":"product","2":"type-product","3":"status-publish","4":"has-post-thumbnail","6":"product_cat-advocacia","7":"product_cat-artes","8":"product_cat-canva","10":"first","11":"instock","12":"sale","13":"downloadable","14":"virtual","15":"purchasable","16":"product-type-simple"},"aioseo_notices":[],"_links":{"self":[{"href":"https:\/\/jotaempresas.com\/page\/wp-json\/wp\/v2\/product\/2265","targetHints":{"allow":["GET"]}}],"collection":[{"href":"https:\/\/jotaempresas.com\/page\/wp-json\/wp\/v2\/product"}],"about":[{"href":"https:\/\/jotaempresas.com\/page\/wp-json\/wp\/v2\/types\/product"}],"replies":[{"embeddable":true,"href":"https:\/\/jotaempresas.com\/page\/wp-json\/wp\/v2\/comments?post=2265"}],"wp:featuredmedia":[{"embeddable":true,"href":"https:\/\/jotaempresas.com\/page\/wp-json\/wp\/v2\/media\/2269"}],"wp:attachment":[{"href":"https:\/\/jotaempresas.com\/page\/wp-json\/wp\/v2\/media?parent=2265"}],"wp:term":[{"taxonomy":"product_brand","embeddable":true,"href":"https:\/\/jotaempresas.com\/page\/wp-json\/wp\/v2\/product_brand?post=2265"},{"taxonomy":"product_cat","embeddable":true,"href":"https:\/\/jotaempresas.com\/page\/wp-json\/wp\/v2\/product_cat?post=2265"},{"taxonomy":"product_tag","embeddable":true,"href":"https:\/\/jotaempresas.com\/page\/wp-json\/wp\/v2\/product_tag?post=2265"}],"curies":[{"name":"wp","href":"https:\/\/api.w.org\/{rel}","templated":true}]}}