{"id":2252,"date":"2024-07-12T17:05:17","date_gmt":"2024-07-12T20:05:17","guid":{"rendered":"https:\/\/jotaempresas.com\/page\/?post_type=product&#038;p=2252"},"modified":"2024-07-12T17:42:05","modified_gmt":"2024-07-12T20:42:05","slug":"centenas-de-artes-para-salao-de-beleza-destaque-seu-negocio","status":"publish","type":"product","link":"https:\/\/jotaempresas.com\/page\/product\/centenas-de-artes-para-salao-de-beleza-destaque-seu-negocio\/","title":{"rendered":"Centenas de Artes para Sal\u00e3o de Beleza Destaque Seu Neg\u00f3cio"},"content":{"rendered":"<div class=\"flex-shrink-0 flex flex-col relative items-end\">\n<div class=\"pt-0.5 juice:pt-0\">\n<div class=\"gizmo-bot-avatar flex h-6 w-6 items-center justify-center overflow-hidden rounded-full juice:h-8 juice:w-8\">\n<div class=\"relative p-1 rounded-sm flex items-center justify-center bg-token-main-surface-primary text-token-text-primary h-8 w-8\">\n<p>Descubra nossa cole\u00e7\u00e3o de centenas de artes para sal\u00e3o de beleza. Perfeitas para promover seus servi\u00e7os e atrair mais clientes com designs elegantes e profissionais<\/p>\n<p>&nbsp;<\/p>\n<p>&nbsp;<\/p>\n<p>&nbsp;<\/p>\n<\/div>\n<\/div>\n<\/div>\n<\/div>\n","protected":false},"excerpt":{"rendered":"<p>Explore nossa cole\u00e7\u00e3o de centenas de artes para sal\u00e3o de beleza e destaque seu neg\u00f3cio com estilo! Com designs elegantes e modernos, essas artes s\u00e3o perfeitas para promover seus servi\u00e7os e atrair mais clientes. Ideal para sal\u00f5es de beleza que querem se destacar e criar uma presen\u00e7a visual impactante. Transforme sua comunica\u00e7\u00e3o visual com artes de alta qualidade prontas para uso.<\/p>\n","protected":false},"featured_media":2253,"comment_status":"open","ping_status":"closed","template":"","meta":{"_monsterinsights_skip_tracking":false,"_monsterinsights_sitenote_active":false,"_monsterinsights_sitenote_note":"","_monsterinsights_sitenote_category":0},"product_brand":[],"product_cat":[46,39,51],"product_tag":[],"class_list":{"0":"post-2252","1":"product","2":"type-product","3":"status-publish","4":"has-post-thumbnail","6":"product_cat-artes","7":"product_cat-canva","8":"product_cat-salaobelesa","10":"first","11":"instock","12":"sale","13":"downloadable","14":"virtual","15":"purchasable","16":"product-type-simple"},"aioseo_notices":[],"_links":{"self":[{"href":"https:\/\/jotaempresas.com\/page\/wp-json\/wp\/v2\/product\/2252","targetHints":{"allow":["GET"]}}],"collection":[{"href":"https:\/\/jotaempresas.com\/page\/wp-json\/wp\/v2\/product"}],"about":[{"href":"https:\/\/jotaempresas.com\/page\/wp-json\/wp\/v2\/types\/product"}],"replies":[{"embeddable":true,"href":"https:\/\/jotaempresas.com\/page\/wp-json\/wp\/v2\/comments?post=2252"}],"wp:featuredmedia":[{"embeddable":true,"href":"https:\/\/jotaempresas.com\/page\/wp-json\/wp\/v2\/media\/2253"}],"wp:attachment":[{"href":"https:\/\/jotaempresas.com\/page\/wp-json\/wp\/v2\/media?parent=2252"}],"wp:term":[{"taxonomy":"product_brand","embeddable":true,"href":"https:\/\/jotaempresas.com\/page\/wp-json\/wp\/v2\/product_brand?post=2252"},{"taxonomy":"product_cat","embeddable":true,"href":"https:\/\/jotaempresas.com\/page\/wp-json\/wp\/v2\/product_cat?post=2252"},{"taxonomy":"product_tag","embeddable":true,"href":"https:\/\/jotaempresas.com\/page\/wp-json\/wp\/v2\/product_tag?post=2252"}],"curies":[{"name":"wp","href":"https:\/\/api.w.org\/{rel}","templated":true}]}}