{"id":2228,"date":"2024-07-12T15:22:41","date_gmt":"2024-07-12T18:22:41","guid":{"rendered":"https:\/\/jotaempresas.com\/page\/?post_type=product&#038;p=2228"},"modified":"2024-07-12T17:42:55","modified_gmt":"2024-07-12T20:42:55","slug":"backgrounds-imagens-lindas-1004-imagens-para-seu-trabalho","status":"publish","type":"product","link":"https:\/\/jotaempresas.com\/page\/product\/backgrounds-imagens-lindas-1004-imagens-para-seu-trabalho\/","title":{"rendered":"Backgrounds Imagens lindas 1004 imagens para seu trabalho"},"content":{"rendered":"<div class=\"flex-shrink-0 flex flex-col relative items-end\">\n<div class=\"pt-0.5 juice:pt-0\">\n<div class=\"gizmo-bot-avatar flex h-6 w-6 items-center justify-center overflow-hidden rounded-full juice:h-8 juice:w-8\">\n<div class=\"relative p-1 rounded-sm flex items-center justify-center bg-token-main-surface-primary text-token-text-primary h-8 w-8\">\n<p>Descubra nossa cole\u00e7\u00e3o de 1004 imagens de fundos lindos. Perfeitas para transformar seus projetos visuais, essas imagens de alta qualidade v\u00e3o elevar o visual do seu conte\u00fado<\/p>\n<p>&nbsp;<\/p>\n<\/div>\n<\/div>\n<\/div>\n<\/div>\n","protected":false},"excerpt":{"rendered":"<p>Explore nossa incr\u00edvel cole\u00e7\u00e3o de 1004 imagens de fundos lindos e transforme seus projetos visuais! Com uma variedade de designs e estilos, essas imagens de alta qualidade s\u00e3o perfeitas para usar em apresenta\u00e7\u00f5es, redes sociais, sites e muito mais. Ideal para designers, criadores de conte\u00fado e profissionais de marketing que buscam dar um toque especial aos seus projetos.<\/p>\n","protected":false},"featured_media":2229,"comment_status":"open","ping_status":"closed","template":"","meta":{"_monsterinsights_skip_tracking":false,"_monsterinsights_sitenote_active":false,"_monsterinsights_sitenote_note":"","_monsterinsights_sitenote_category":0},"product_brand":[],"product_cat":[46,49,39],"product_tag":[],"class_list":{"0":"post-2228","1":"product","2":"type-product","3":"status-publish","4":"has-post-thumbnail","6":"product_cat-artes","7":"product_cat-backgroud","8":"product_cat-canva","10":"first","11":"instock","12":"sale","13":"downloadable","14":"virtual","15":"purchasable","16":"product-type-simple"},"aioseo_notices":[],"_links":{"self":[{"href":"https:\/\/jotaempresas.com\/page\/wp-json\/wp\/v2\/product\/2228","targetHints":{"allow":["GET"]}}],"collection":[{"href":"https:\/\/jotaempresas.com\/page\/wp-json\/wp\/v2\/product"}],"about":[{"href":"https:\/\/jotaempresas.com\/page\/wp-json\/wp\/v2\/types\/product"}],"replies":[{"embeddable":true,"href":"https:\/\/jotaempresas.com\/page\/wp-json\/wp\/v2\/comments?post=2228"}],"wp:featuredmedia":[{"embeddable":true,"href":"https:\/\/jotaempresas.com\/page\/wp-json\/wp\/v2\/media\/2229"}],"wp:attachment":[{"href":"https:\/\/jotaempresas.com\/page\/wp-json\/wp\/v2\/media?parent=2228"}],"wp:term":[{"taxonomy":"product_brand","embeddable":true,"href":"https:\/\/jotaempresas.com\/page\/wp-json\/wp\/v2\/product_brand?post=2228"},{"taxonomy":"product_cat","embeddable":true,"href":"https:\/\/jotaempresas.com\/page\/wp-json\/wp\/v2\/product_cat?post=2228"},{"taxonomy":"product_tag","embeddable":true,"href":"https:\/\/jotaempresas.com\/page\/wp-json\/wp\/v2\/product_tag?post=2228"}],"curies":[{"name":"wp","href":"https:\/\/api.w.org\/{rel}","templated":true}]}}