{"id":2221,"date":"2024-07-12T14:52:19","date_gmt":"2024-07-12T17:52:19","guid":{"rendered":"https:\/\/jotaempresas.com\/page\/?post_type=product&#038;p=2221"},"modified":"2024-07-12T17:32:42","modified_gmt":"2024-07-12T20:32:42","slug":"psd-80-artes-editaveis-transforme-sua-criatividade","status":"publish","type":"product","link":"https:\/\/jotaempresas.com\/page\/product\/psd-80-artes-editaveis-transforme-sua-criatividade\/","title":{"rendered":"PSD 80 Artes Edit\u00e1veis Transforme sua Criatividade + Bonus"},"content":{"rendered":"<div class=\"flex-shrink-0 flex flex-col relative items-end\">\n<div class=\"pt-0.5 juice:pt-0\">\n<div class=\"gizmo-bot-avatar flex h-6 w-6 items-center justify-center overflow-hidden rounded-full juice:h-8 juice:w-8\">\n<div class=\"relative p-1 rounded-sm flex items-center justify-center bg-token-main-surface-primary text-token-text-primary h-8 w-8\">\n<p><span style=\"vertical-align: inherit;\"><span style=\"vertical-align: inherit;\"><span style=\"vertical-align: inherit;\"><span style=\"vertical-align: inherit;\">Descubra o pacote PSD 80 artes edit\u00e1veis, perfeito para inspirar e facilitar seus projetos gr\u00e1ficos. Transforme sua criatividade com templates f\u00e1ceis de personalizar e melhore a imagem da sua marca!<\/span><\/span><\/span><\/span><\/p>\n<p>&nbsp;<\/p>\n<\/div>\n<\/div>\n<\/div>\n<\/div>\n","protected":false},"excerpt":{"rendered":"<p><span style=\"vertical-align: inherit;\"><span style=\"vertical-align: inherit;\"><span style=\"vertical-align: inherit;\"><span style=\"vertical-align: inherit;\">\u00a0Explore o PSD 80 artes edit\u00e1veis e libere sua criatividade! Este pacote inclui uma variedade de templates prontos para inspirar e simplificar seus projetos visuais. \u00c9 ideal para empreendedores, designers e criadores de conte\u00fado que valorizam qualidade e praticidade.<\/span><\/span><\/span><\/span><\/p>\n","protected":false},"featured_media":2227,"comment_status":"open","ping_status":"closed","template":"","meta":{"_monsterinsights_skip_tracking":false,"_monsterinsights_sitenote_active":false,"_monsterinsights_sitenote_note":"","_monsterinsights_sitenote_category":0},"product_brand":[],"product_cat":[46,47],"product_tag":[],"class_list":{"0":"post-2221","1":"product","2":"type-product","3":"status-publish","4":"has-post-thumbnail","6":"product_cat-artes","7":"product_cat-psd","9":"first","10":"instock","11":"sale","12":"downloadable","13":"virtual","14":"purchasable","15":"product-type-simple"},"aioseo_notices":[],"_links":{"self":[{"href":"https:\/\/jotaempresas.com\/page\/wp-json\/wp\/v2\/product\/2221","targetHints":{"allow":["GET"]}}],"collection":[{"href":"https:\/\/jotaempresas.com\/page\/wp-json\/wp\/v2\/product"}],"about":[{"href":"https:\/\/jotaempresas.com\/page\/wp-json\/wp\/v2\/types\/product"}],"replies":[{"embeddable":true,"href":"https:\/\/jotaempresas.com\/page\/wp-json\/wp\/v2\/comments?post=2221"}],"wp:featuredmedia":[{"embeddable":true,"href":"https:\/\/jotaempresas.com\/page\/wp-json\/wp\/v2\/media\/2227"}],"wp:attachment":[{"href":"https:\/\/jotaempresas.com\/page\/wp-json\/wp\/v2\/media?parent=2221"}],"wp:term":[{"taxonomy":"product_brand","embeddable":true,"href":"https:\/\/jotaempresas.com\/page\/wp-json\/wp\/v2\/product_brand?post=2221"},{"taxonomy":"product_cat","embeddable":true,"href":"https:\/\/jotaempresas.com\/page\/wp-json\/wp\/v2\/product_cat?post=2221"},{"taxonomy":"product_tag","embeddable":true,"href":"https:\/\/jotaempresas.com\/page\/wp-json\/wp\/v2\/product_tag?post=2221"}],"curies":[{"name":"wp","href":"https:\/\/api.w.org\/{rel}","templated":true}]}}